{"id":607,"date":"2022-12-15T13:52:32","date_gmt":"2022-12-15T13:52:32","guid":{"rendered":"https:\/\/zafferano.fr\/index.php\/about-me\/"},"modified":"2023-12-23T11:59:26","modified_gmt":"2023-12-23T10:59:26","slug":"un-peu-de-moi","status":"publish","type":"page","link":"https:\/\/zafferano.fr\/index.php\/un-peu-de-moi\/","title":{"rendered":"Un peu de moi"},"content":{"rendered":"\n<div class=\"wp-block-uagb-container uagb-block-4ae1b076 alignfull uagb-is-root-container\"><div class=\"uagb-container-inner-blocks-wrap\">\n<div class=\"wp-block-uagb-container uagb-block-d8054e5d\">\n<div class=\"wp-block-uagb-image uagb-block-692aabee wp-block-uagb-image--layout-default wp-block-uagb-image--effect-static wp-block-uagb-image--align-none\"><figure class=\"wp-block-uagb-image__figure\"><img data-recalc-dims=\"1\" decoding=\"async\" data-srcset=\"https:\/\/zafferano.fr\/wp-content\/uploads\/2023\/12\/Maria.jpg ,https:\/\/zafferano.fr\/wp-content\/uploads\/2023\/12\/Maria.jpg 780w, https:\/\/zafferano.fr\/wp-content\/uploads\/2023\/12\/Maria.jpg 360w\" data-sizes=\"auto, (max-width: 480px) 150px\" data-src=\"https:\/\/i0.wp.com\/zafferano.fr\/wp-content\/uploads\/2023\/12\/Maria.jpg?resize=748%2C1024&#038;ssl=1\" alt=\"\" class=\"uag-image-912 lazyload\" width=\"748\" height=\"1024\" title=\"\" src=\"data:image\/svg+xml;base64,PHN2ZyB3aWR0aD0iMSIgaGVpZ2h0PSIxIiB4bWxucz0iaHR0cDovL3d3dy53My5vcmcvMjAwMC9zdmciPjwvc3ZnPg==\" style=\"--smush-placeholder-width: 748px; --smush-placeholder-aspect-ratio: 748\/1024;\" \/><\/figure><\/div>\n\n\n\n<div class=\"wp-block-uagb-advanced-heading uagb-block-b0f1f522\"><p class=\"uagb-heading-text\">Une s\u00e9ance de travail dans mon atelier&#8230;<\/p><\/div>\n<\/div>\n\n\n\n<div class=\"wp-block-uagb-container uagb-block-ba7c1635\">\n<div class=\"wp-block-uagb-advanced-heading uagb-block-71723ed0\"><h1 class=\"uagb-heading-text\">Un peu de moi&#8230;<\/h1><p class=\"uagb-desc-text\">Enfant, je r\u00eavais d&rsquo;int\u00e9grer une \u00e9cole des beaux arts ! Ce ne fut pas le cas, alors j&rsquo;ai commenc\u00e9 \u00e0 suivre des cours de dessin et \u00e0 apprendre diff\u00e9rentes techniques artistiques dans des ateliers de peinture, comme \u00ab\u00a0la palette\u00a0\u00bb, \u00e0 Albertville. Je suis devenue une artiste autodidacte en am\u00e9liorant ma technique au fil du temps et des rencontres avec d&rsquo;autres cr\u00e9ateurs. <\/p><\/div>\n\n\n\n<div class=\"wp-block-uagb-advanced-heading uagb-block-3b455792\"><p class=\"uagb-heading-text\">J&rsquo;aime chercher les couleurs, que ce soit dans le domaine de l&rsquo;huile, de l\u2019aquarelle ou de acrylique. c&rsquo;est un moment durant lequel je ne pense qu&rsquo;aux formes et aux diff\u00e9rents tons.<\/p><\/div>\n\n\n\n<div class=\"wp-block-uagb-advanced-heading uagb-block-49d7b986\"><p class=\"uagb-heading-text\">Mes \u0153uvres sont inspir\u00e9es par ma vie&#8230; car je ne peins que ce qui me touche, comme les paysages de montagne ou ceux de Sardaigne. Je m&rsquo;inspire de lieux que je connais bien puisque j&rsquo;y suis la plupart du temps.<\/p><\/div>\n<\/div>\n<\/div><\/div>\n\n\n\n<div class=\"wp-block-uagb-container uagb-block-aaa0e808 alignfull uagb-is-root-container\"><div class=\"uagb-container-inner-blocks-wrap\">\n<div class=\"wp-block-uagb-container uagb-block-a6556f62\">\n<div class=\"wp-block-uagb-container uagb-block-544d5e49\">\n<p><\/p>\n\n\n\n<div class=\"wp-block-uagb-advanced-heading uagb-block-8d3e3547\"><p class=\"uagb-heading-text\"><strong>Je peux r\u00e9aliser vos commandes de tableau sur des sujets qui m&rsquo;inspirent.<\/strong> <\/p><\/div>\n\n\n\n<p><\/p>\n\n\n\n<p><strong>N&rsquo;h\u00e9sitez pas \u00e0 me contacter pour en parler ! <\/strong><\/p>\n<\/div>\n\n\n\n<div class=\"wp-block-uagb-container uagb-block-a92c1eb9\">\n<div class=\"wp-block-uagb-image uagb-block-abe6ed3c wp-block-uagb-image--layout-default wp-block-uagb-image--effect-static wp-block-uagb-image--align-none\"><figure class=\"wp-block-uagb-image__figure\"><img data-recalc-dims=\"1\" decoding=\"async\" data-srcset=\"https:\/\/zafferano.fr\/wp-content\/uploads\/2023\/12\/Maria-2.jpg ,https:\/\/zafferano.fr\/wp-content\/uploads\/2023\/12\/Maria-2.jpg 780w, https:\/\/zafferano.fr\/wp-content\/uploads\/2023\/12\/Maria-2.jpg 360w\" data-sizes=\"auto, (max-width: 480px) 150px\" data-src=\"https:\/\/i0.wp.com\/zafferano.fr\/wp-content\/uploads\/2023\/12\/Maria-2.jpg?resize=1000%2C1000&#038;ssl=1\" alt=\"\" class=\"uag-image-914 lazyload\" width=\"1000\" height=\"1000\" title=\"\" src=\"data:image\/svg+xml;base64,PHN2ZyB3aWR0aD0iMSIgaGVpZ2h0PSIxIiB4bWxucz0iaHR0cDovL3d3dy53My5vcmcvMjAwMC9zdmciPjwvc3ZnPg==\" style=\"--smush-placeholder-width: 1000px; --smush-placeholder-aspect-ratio: 1000\/1000;\" \/><\/figure><\/div>\n<\/div>\n<\/div>\n<\/div><\/div>\n\n\n\n<div class=\"wp-block-uagb-container uagb-block-824d893a alignfull uagb-is-root-container\"><div class=\"uagb-container-inner-blocks-wrap\"><\/div><\/div>\n","protected":false},"excerpt":{"rendered":"<p>Une s\u00e9ance de travail dans mon atelier&#8230; Un peu de moi&#8230; Enfant, je r\u00eavais d&rsquo;int\u00e9grer une \u00e9cole des beaux arts ! Ce ne fut pas le cas, alors j&rsquo;ai commenc\u00e9 \u00e0 suivre des cours de dessin et \u00e0 apprendre diff\u00e9rentes techniques artistiques dans des ateliers de peinture, comme \u00ab\u00a0la palette\u00a0\u00bb, \u00e0 Albertville. Je suis devenue [&hellip;]<\/p>\n","protected":false},"author":1,"featured_media":0,"parent":0,"menu_order":0,"comment_status":"closed","ping_status":"closed","template":"","meta":{"_uag_custom_page_level_css":"","site-sidebar-layout":"default","site-content-layout":"page-builder","ast-site-content-layout":"full-width-container","site-content-style":"unboxed","site-sidebar-style":"unboxed","ast-global-header-display":"","ast-banner-title-visibility":"","ast-main-header-display":"","ast-hfb-above-header-display":"","ast-hfb-below-header-display":"","ast-hfb-mobile-header-display":"","site-post-title":"disabled","ast-breadcrumbs-content":"","ast-featured-img":"","footer-sml-layout":"","ast-disable-related-posts":"","theme-transparent-header-meta":"","adv-header-id-meta":"","stick-header-meta":"","header-above-stick-meta":"","header-main-stick-meta":"","header-below-stick-meta":"","astra-migrate-meta-layouts":"set","ast-page-background-enabled":"default","ast-page-background-meta":{"desktop":{"background-color":"","background-image":"","background-repeat":"repeat","background-position":"center center","background-size":"auto","background-attachment":"scroll","background-type":"","background-media":"","overlay-type":"","overlay-color":"","overlay-opacity":"","overlay-gradient":""},"tablet":{"background-color":"","background-image":"","background-repeat":"repeat","background-position":"center center","background-size":"auto","background-attachment":"scroll","background-type":"","background-media":"","overlay-type":"","overlay-color":"","overlay-opacity":"","overlay-gradient":""},"mobile":{"background-color":"","background-image":"","background-repeat":"repeat","background-position":"center center","background-size":"auto","background-attachment":"scroll","background-type":"","background-media":"","overlay-type":"","overlay-color":"","overlay-opacity":"","overlay-gradient":""}},"ast-content-background-meta":{"desktop":{"background-color":"var(--ast-global-color-5)","background-image":"","background-repeat":"repeat","background-position":"center center","background-size":"auto","background-attachment":"scroll","background-type":"","background-media":"","overlay-type":"","overlay-color":"","overlay-opacity":"","overlay-gradient":""},"tablet":{"background-color":"var(--ast-global-color-5)","background-image":"","background-repeat":"repeat","background-position":"center center","background-size":"auto","background-attachment":"scroll","background-type":"","background-media":"","overlay-type":"","overlay-color":"","overlay-opacity":"","overlay-gradient":""},"mobile":{"background-color":"var(--ast-global-color-5)","background-image":"","background-repeat":"repeat","background-position":"center center","background-size":"auto","background-attachment":"scroll","background-type":"","background-media":"","overlay-type":"","overlay-color":"","overlay-opacity":"","overlay-gradient":""}},"footnotes":""},"class_list":["post-607","page","type-page","status-publish","hentry"],"yoast_head":"<!-- This site is optimized with the Yoast SEO plugin v27.3 - https:\/\/yoast.com\/product\/yoast-seo-wordpress\/ -->\n<title>Un peu de moi - zafferano.fr - Maria Atzeni - Artiste peintre<\/title>\n<meta name=\"robots\" content=\"index, follow, max-snippet:-1, max-image-preview:large, max-video-preview:-1\" \/>\n<link rel=\"canonical\" href=\"https:\/\/zafferano.fr\/index.php\/un-peu-de-moi\/\" \/>\n<meta property=\"og:locale\" content=\"fr_FR\" \/>\n<meta property=\"og:type\" content=\"article\" \/>\n<meta property=\"og:title\" content=\"Un peu de moi - zafferano.fr - Maria Atzeni - Artiste peintre\" \/>\n<meta property=\"og:description\" content=\"Une s\u00e9ance de travail dans mon atelier&#8230; Un peu de moi&#8230; Enfant, je r\u00eavais d&rsquo;int\u00e9grer une \u00e9cole des beaux arts ! Ce ne fut pas le cas, alors j&rsquo;ai commenc\u00e9 \u00e0 suivre des cours de dessin et \u00e0 apprendre diff\u00e9rentes techniques artistiques dans des ateliers de peinture, comme \u00ab\u00a0la palette\u00a0\u00bb, \u00e0 Albertville. Je suis devenue [&hellip;]\" \/>\n<meta property=\"og:url\" content=\"https:\/\/zafferano.fr\/index.php\/un-peu-de-moi\/\" \/>\n<meta property=\"og:site_name\" content=\"zafferano.fr - Maria Atzeni - Artiste peintre\" \/>\n<meta property=\"article:modified_time\" content=\"2023-12-23T10:59:26+00:00\" \/>\n<meta property=\"og:image\" content=\"https:\/\/zafferano.fr\/wp-content\/uploads\/2023\/12\/Maria.jpg\" \/>\n<meta name=\"twitter:card\" content=\"summary_large_image\" \/>\n<meta name=\"twitter:label1\" content=\"Dur\u00e9e de lecture estim\u00e9e\" \/>\n\t<meta name=\"twitter:data1\" content=\"2 minutes\" \/>\n<script type=\"application\/ld+json\" class=\"yoast-schema-graph\">{\"@context\":\"https:\\\/\\\/schema.org\",\"@graph\":[{\"@type\":\"WebPage\",\"@id\":\"https:\\\/\\\/zafferano.fr\\\/index.php\\\/un-peu-de-moi\\\/\",\"url\":\"https:\\\/\\\/zafferano.fr\\\/index.php\\\/un-peu-de-moi\\\/\",\"name\":\"Un peu de moi - zafferano.fr - Maria Atzeni - Artiste peintre\",\"isPartOf\":{\"@id\":\"https:\\\/\\\/zafferano.fr\\\/#website\"},\"primaryImageOfPage\":{\"@id\":\"https:\\\/\\\/zafferano.fr\\\/index.php\\\/un-peu-de-moi\\\/#primaryimage\"},\"image\":{\"@id\":\"https:\\\/\\\/zafferano.fr\\\/index.php\\\/un-peu-de-moi\\\/#primaryimage\"},\"thumbnailUrl\":\"https:\\\/\\\/zafferano.fr\\\/wp-content\\\/uploads\\\/2023\\\/12\\\/Maria.jpg\",\"datePublished\":\"2022-12-15T13:52:32+00:00\",\"dateModified\":\"2023-12-23T10:59:26+00:00\",\"breadcrumb\":{\"@id\":\"https:\\\/\\\/zafferano.fr\\\/index.php\\\/un-peu-de-moi\\\/#breadcrumb\"},\"inLanguage\":\"fr-FR\",\"potentialAction\":[{\"@type\":\"ReadAction\",\"target\":[\"https:\\\/\\\/zafferano.fr\\\/index.php\\\/un-peu-de-moi\\\/\"]}]},{\"@type\":\"ImageObject\",\"inLanguage\":\"fr-FR\",\"@id\":\"https:\\\/\\\/zafferano.fr\\\/index.php\\\/un-peu-de-moi\\\/#primaryimage\",\"url\":\"https:\\\/\\\/zafferano.fr\\\/wp-content\\\/uploads\\\/2023\\\/12\\\/Maria.jpg\",\"contentUrl\":\"https:\\\/\\\/zafferano.fr\\\/wp-content\\\/uploads\\\/2023\\\/12\\\/Maria.jpg\"},{\"@type\":\"BreadcrumbList\",\"@id\":\"https:\\\/\\\/zafferano.fr\\\/index.php\\\/un-peu-de-moi\\\/#breadcrumb\",\"itemListElement\":[{\"@type\":\"ListItem\",\"position\":1,\"name\":\"Accueil\",\"item\":\"https:\\\/\\\/zafferano.fr\\\/\"},{\"@type\":\"ListItem\",\"position\":2,\"name\":\"Un peu de moi\"}]},{\"@type\":\"WebSite\",\"@id\":\"https:\\\/\\\/zafferano.fr\\\/#website\",\"url\":\"https:\\\/\\\/zafferano.fr\\\/\",\"name\":\"zafferano.fr\",\"description\":\"Maria Atzeni - Artiste peintre - Les couleurs et les formes m inspirent...\",\"publisher\":{\"@id\":\"https:\\\/\\\/zafferano.fr\\\/#organization\"},\"potentialAction\":[{\"@type\":\"SearchAction\",\"target\":{\"@type\":\"EntryPoint\",\"urlTemplate\":\"https:\\\/\\\/zafferano.fr\\\/?s={search_term_string}\"},\"query-input\":{\"@type\":\"PropertyValueSpecification\",\"valueRequired\":true,\"valueName\":\"search_term_string\"}}],\"inLanguage\":\"fr-FR\"},{\"@type\":\"Organization\",\"@id\":\"https:\\\/\\\/zafferano.fr\\\/#organization\",\"name\":\"Maria Atzeni - Artiste peintre\",\"url\":\"https:\\\/\\\/zafferano.fr\\\/\",\"logo\":{\"@type\":\"ImageObject\",\"inLanguage\":\"fr-FR\",\"@id\":\"https:\\\/\\\/zafferano.fr\\\/#\\\/schema\\\/logo\\\/image\\\/\",\"url\":\"https:\\\/\\\/i0.wp.com\\\/zafferano.fr\\\/wp-content\\\/uploads\\\/2023\\\/12\\\/Logo-3.png?fit=220%2C100&ssl=1\",\"contentUrl\":\"https:\\\/\\\/i0.wp.com\\\/zafferano.fr\\\/wp-content\\\/uploads\\\/2023\\\/12\\\/Logo-3.png?fit=220%2C100&ssl=1\",\"width\":220,\"height\":100,\"caption\":\"Maria Atzeni - Artiste peintre\"},\"image\":{\"@id\":\"https:\\\/\\\/zafferano.fr\\\/#\\\/schema\\\/logo\\\/image\\\/\"}}]}<\/script>\n<!-- \/ Yoast SEO plugin. -->","yoast_head_json":{"title":"Un peu de moi - zafferano.fr - Maria Atzeni - Artiste peintre","robots":{"index":"index","follow":"follow","max-snippet":"max-snippet:-1","max-image-preview":"max-image-preview:large","max-video-preview":"max-video-preview:-1"},"canonical":"https:\/\/zafferano.fr\/index.php\/un-peu-de-moi\/","og_locale":"fr_FR","og_type":"article","og_title":"Un peu de moi - zafferano.fr - Maria Atzeni - Artiste peintre","og_description":"Une s\u00e9ance de travail dans mon atelier&#8230; Un peu de moi&#8230; Enfant, je r\u00eavais d&rsquo;int\u00e9grer une \u00e9cole des beaux arts ! Ce ne fut pas le cas, alors j&rsquo;ai commenc\u00e9 \u00e0 suivre des cours de dessin et \u00e0 apprendre diff\u00e9rentes techniques artistiques dans des ateliers de peinture, comme \u00ab\u00a0la palette\u00a0\u00bb, \u00e0 Albertville. Je suis devenue [&hellip;]","og_url":"https:\/\/zafferano.fr\/index.php\/un-peu-de-moi\/","og_site_name":"zafferano.fr - Maria Atzeni - Artiste peintre","article_modified_time":"2023-12-23T10:59:26+00:00","og_image":[{"url":"https:\/\/zafferano.fr\/wp-content\/uploads\/2023\/12\/Maria.jpg","type":"","width":"","height":""}],"twitter_card":"summary_large_image","twitter_misc":{"Dur\u00e9e de lecture estim\u00e9e":"2 minutes"},"schema":{"@context":"https:\/\/schema.org","@graph":[{"@type":"WebPage","@id":"https:\/\/zafferano.fr\/index.php\/un-peu-de-moi\/","url":"https:\/\/zafferano.fr\/index.php\/un-peu-de-moi\/","name":"Un peu de moi - zafferano.fr - Maria Atzeni - Artiste peintre","isPartOf":{"@id":"https:\/\/zafferano.fr\/#website"},"primaryImageOfPage":{"@id":"https:\/\/zafferano.fr\/index.php\/un-peu-de-moi\/#primaryimage"},"image":{"@id":"https:\/\/zafferano.fr\/index.php\/un-peu-de-moi\/#primaryimage"},"thumbnailUrl":"https:\/\/zafferano.fr\/wp-content\/uploads\/2023\/12\/Maria.jpg","datePublished":"2022-12-15T13:52:32+00:00","dateModified":"2023-12-23T10:59:26+00:00","breadcrumb":{"@id":"https:\/\/zafferano.fr\/index.php\/un-peu-de-moi\/#breadcrumb"},"inLanguage":"fr-FR","potentialAction":[{"@type":"ReadAction","target":["https:\/\/zafferano.fr\/index.php\/un-peu-de-moi\/"]}]},{"@type":"ImageObject","inLanguage":"fr-FR","@id":"https:\/\/zafferano.fr\/index.php\/un-peu-de-moi\/#primaryimage","url":"https:\/\/zafferano.fr\/wp-content\/uploads\/2023\/12\/Maria.jpg","contentUrl":"https:\/\/zafferano.fr\/wp-content\/uploads\/2023\/12\/Maria.jpg"},{"@type":"BreadcrumbList","@id":"https:\/\/zafferano.fr\/index.php\/un-peu-de-moi\/#breadcrumb","itemListElement":[{"@type":"ListItem","position":1,"name":"Accueil","item":"https:\/\/zafferano.fr\/"},{"@type":"ListItem","position":2,"name":"Un peu de moi"}]},{"@type":"WebSite","@id":"https:\/\/zafferano.fr\/#website","url":"https:\/\/zafferano.fr\/","name":"zafferano.fr","description":"Maria Atzeni - Artiste peintre - Les couleurs et les formes m inspirent...","publisher":{"@id":"https:\/\/zafferano.fr\/#organization"},"potentialAction":[{"@type":"SearchAction","target":{"@type":"EntryPoint","urlTemplate":"https:\/\/zafferano.fr\/?s={search_term_string}"},"query-input":{"@type":"PropertyValueSpecification","valueRequired":true,"valueName":"search_term_string"}}],"inLanguage":"fr-FR"},{"@type":"Organization","@id":"https:\/\/zafferano.fr\/#organization","name":"Maria Atzeni - Artiste peintre","url":"https:\/\/zafferano.fr\/","logo":{"@type":"ImageObject","inLanguage":"fr-FR","@id":"https:\/\/zafferano.fr\/#\/schema\/logo\/image\/","url":"https:\/\/i0.wp.com\/zafferano.fr\/wp-content\/uploads\/2023\/12\/Logo-3.png?fit=220%2C100&ssl=1","contentUrl":"https:\/\/i0.wp.com\/zafferano.fr\/wp-content\/uploads\/2023\/12\/Logo-3.png?fit=220%2C100&ssl=1","width":220,"height":100,"caption":"Maria Atzeni - Artiste peintre"},"image":{"@id":"https:\/\/zafferano.fr\/#\/schema\/logo\/image\/"}}]}},"uagb_featured_image_src":{"full":false,"thumbnail":false,"medium":false,"medium_large":false,"large":false,"1536x1536":false,"2048x2048":false},"uagb_author_info":{"display_name":"admin2004","author_link":"https:\/\/zafferano.fr\/index.php\/author\/admin2004\/"},"uagb_comment_info":0,"uagb_excerpt":"Une s\u00e9ance de travail dans mon atelier&#8230; Un peu de moi&#8230; Enfant, je r\u00eavais d&rsquo;int\u00e9grer une \u00e9cole des beaux arts ! Ce ne fut pas le cas, alors j&rsquo;ai commenc\u00e9 \u00e0 suivre des cours de dessin et \u00e0 apprendre diff\u00e9rentes techniques artistiques dans des ateliers de peinture, comme \u00ab\u00a0la palette\u00a0\u00bb, \u00e0 Albertville. Je suis devenue\u2026","jetpack_sharing_enabled":true,"_links":{"self":[{"href":"https:\/\/zafferano.fr\/index.php\/wp-json\/wp\/v2\/pages\/607","targetHints":{"allow":["GET"]}}],"collection":[{"href":"https:\/\/zafferano.fr\/index.php\/wp-json\/wp\/v2\/pages"}],"about":[{"href":"https:\/\/zafferano.fr\/index.php\/wp-json\/wp\/v2\/types\/page"}],"author":[{"embeddable":true,"href":"https:\/\/zafferano.fr\/index.php\/wp-json\/wp\/v2\/users\/1"}],"replies":[{"embeddable":true,"href":"https:\/\/zafferano.fr\/index.php\/wp-json\/wp\/v2\/comments?post=607"}],"version-history":[{"count":9,"href":"https:\/\/zafferano.fr\/index.php\/wp-json\/wp\/v2\/pages\/607\/revisions"}],"predecessor-version":[{"id":1036,"href":"https:\/\/zafferano.fr\/index.php\/wp-json\/wp\/v2\/pages\/607\/revisions\/1036"}],"wp:attachment":[{"href":"https:\/\/zafferano.fr\/index.php\/wp-json\/wp\/v2\/media?parent=607"}],"curies":[{"name":"wp","href":"https:\/\/api.w.org\/{rel}","templated":true}]}}